{"id":9230,"date":"2023-10-27T19:03:13","date_gmt":"2023-10-27T17:03:13","guid":{"rendered":"https:\/\/ksa.zcu.cz\/?page_id=9230"},"modified":"2024-09-23T01:08:39","modified_gmt":"2024-09-22T23:08:39","slug":"contact","status":"publish","type":"page","link":"https:\/\/ksa.zcu.cz\/en\/contact\/","title":{"rendered":"Contact"},"content":{"rendered":"<p>[et_pb_section fb_built=&#8221;1&#8243; custom_padding_last_edited=&#8221;on|desktop&#8221; _builder_version=&#8221;4.21.2&#8243; background_image=&#8221;http:\/\/ksa.zcu.cz\/wp-content\/uploads\/2023\/04\/registrace_high_contrast_surreal_collage_secretary_phone_60s_815c39f4-af2c-480a-952d-26692533e0d2.png&#8221; min_height=&#8221;680px&#8221; min_height_tablet=&#8221;680px&#8221; min_height_phone=&#8221;680px&#8221; min_height_last_edited=&#8221;on|desktop&#8221; height=&#8221;65vh&#8221; height_tablet=&#8221;40vh&#8221; height_phone=&#8221;35vh&#8221; height_last_edited=&#8221;on|phone&#8221; custom_margin=&#8221;|||||&#8221; custom_padding=&#8221;0px||70px||false|&#8221; custom_padding_tablet=&#8221;&#8221; custom_padding_phone=&#8221;|0px|15px|0px&#8221; locked=&#8221;off&#8221; global_colors_info=&#8221;{}&#8221;][et_pb_row column_structure=&#8221;1_2,1_2&#8243; module_class=&#8221;h1-box&#8221; _builder_version=&#8221;4.22.2&#8243; positioning=&#8221;absolute&#8221; position_origin_a=&#8221;center_center&#8221; position_origin_a_tablet=&#8221;bottom_center&#8221; position_origin_a_phone=&#8221;bottom_center&#8221; position_origin_a_last_edited=&#8221;on|desktop&#8221; position_origin_f_tablet=&#8221;&#8221; position_origin_f_phone=&#8221;&#8221; position_origin_f_last_edited=&#8221;on|desktop&#8221; position_origin_r_tablet=&#8221;&#8221; position_origin_r_phone=&#8221;&#8221; position_origin_r_last_edited=&#8221;on|desktop&#8221; custom_padding=&#8221;0px|0px|0px|0px|false|false&#8221; animation_style=&#8221;fade&#8221; positioning_tablet=&#8221;absolute&#8221; positioning_phone=&#8221;absolute&#8221; positioning_last_edited=&#8221;on|desktop&#8221; global_colors_info=&#8221;{}&#8221;][et_pb_column type=&#8221;1_2&#8243; _builder_version=&#8221;4.16&#8243; custom_padding=&#8221;|||&#8221; global_colors_info=&#8221;{}&#8221; custom_padding__hover=&#8221;|||&#8221;][et_pb_text _builder_version=&#8221;4.22.2&#8243; text_font=&#8221;||||||||&#8221; header_font=&#8221;Roboto Condensed|700||on|||||&#8221; header_text_align=&#8221;left&#8221; header_text_color=&#8221;#ffffff&#8221; header_font_size=&#8221;48px&#8221; header_line_height=&#8221;52px&#8221; background_color=&#8221;#09b6d7&#8243; positioning=&#8221;relative&#8221; width_tablet=&#8221;&#8221; width_phone=&#8221;&#8221; width_last_edited=&#8221;on|phone&#8221; max_width=&#8221;280px&#8221; max_width_tablet=&#8221;&#8221; max_width_phone=&#8221;170px&#8221; max_width_last_edited=&#8221;on|desktop&#8221; module_alignment=&#8221;left&#8221; custom_margin=&#8221;0px|0px|0px|0px&#8221; custom_margin_tablet=&#8221;&#8221; custom_margin_phone=&#8221;||15px&#8221; custom_margin_last_edited=&#8221;on|tablet&#8221; custom_padding=&#8221;25px|30px|25px|30px|true|true&#8221; custom_padding_tablet=&#8221;&#8221; custom_padding_phone=&#8221;25px||15px&#8221; custom_padding_last_edited=&#8221;on|phone&#8221; animation_style=&#8221;fade&#8221; header_font_size_tablet=&#8221;&#8221; header_font_size_phone=&#8221;18px&#8221; header_font_size_last_edited=&#8221;on|phone&#8221; header_line_height_tablet=&#8221;&#8221; header_line_height_phone=&#8221;20px&#8221; header_line_height_last_edited=&#8221;on|desktop&#8221; global_colors_info=&#8221;{}&#8221; custom_padding__hover_enabled=&#8221;on&#8221; custom_padding__hover=&#8221;25px|30px|25px|30px|true|true&#8221;]<\/p>\n<h1>Contacts<\/h1>\n<p>[\/et_pb_text][et_pb_text disabled_on=&#8221;on|off|off&#8221; _builder_version=&#8221;4.22.2&#8243; text_font=&#8221;||||||||&#8221; header_font=&#8221;Roboto Condensed|700||on|||||&#8221; header_text_align=&#8221;center&#8221; header_text_color=&#8221;#ffffff&#8221; header_font_size=&#8221;48px&#8221; header_line_height=&#8221;52px&#8221; background_color=&#8221;#ffffff&#8221; positioning=&#8221;relative&#8221; width=&#8221;100%&#8221; max_width=&#8221;100%&#8221; module_alignment=&#8221;left&#8221; custom_margin=&#8221;0px|96px|0px|0px||&#8221; custom_padding=&#8221;15px|3px|15px|3px|true|true&#8221; animation_style=&#8221;fade&#8221; global_colors_info=&#8221;{}&#8221;]<\/p>\n<p style=\"text-align: left;\">If you need assistance with matters directly related to your studies in the Department of Anthropology, please contact the department&#8217;s secretary. For all other inquiries, reach out to the <a href=\"https:\/\/www.international.zcu.cz\/en\/\" title=\"International Office\" rel=\"noopener\">International Office<\/a>.<\/p>\n<p style=\"text-align: left;\"><text x=\"-9999\" y=\"-9999\"><\/text>On their website, you will also find a range of important information related to studiying abroad. <text x=\"-9999\" y=\"-9999\"><\/text><text x=\"-9999\" y=\"-9999\"><\/text><text x=\"-9999\" y=\"-9999\"><\/text><\/p>\n<p>[\/et_pb_text][\/et_pb_column][et_pb_column type=&#8221;1_2&#8243; _builder_version=&#8221;4.16&#8243; custom_padding=&#8221;|||&#8221; global_colors_info=&#8221;{}&#8221; custom_padding__hover=&#8221;|||&#8221;][\/et_pb_column][\/et_pb_row][\/et_pb_section][et_pb_section fb_built=&#8221;1&#8243; module_id=&#8221;uvod&#8221; _builder_version=&#8221;4.16&#8243; background_color=&#8221;#f2f5fa&#8221; custom_padding=&#8221;30px|0px|40px|0px|false|false&#8221; global_colors_info=&#8221;{}&#8221;][et_pb_row _builder_version=&#8221;4.16&#8243; custom_margin=&#8221;0px||0px||true|true&#8221; custom_margin_tablet=&#8221;&#8221; custom_margin_phone=&#8221;15px||5px&#8221; custom_margin_last_edited=&#8221;on|desktop&#8221; custom_padding=&#8221;10px||10px||false|true&#8221; global_colors_info=&#8221;{}&#8221;][et_pb_column type=&#8221;4_4&#8243; _builder_version=&#8221;4.16&#8243; custom_padding=&#8221;|||&#8221; global_colors_info=&#8221;{}&#8221; custom_padding__hover=&#8221;|||&#8221;][et_pb_text _builder_version=&#8221;4.22.2&#8243; text_font=&#8221;||||||||&#8221; header_font=&#8221;||||||||&#8221; header_2_font=&#8221;Roboto Condensed|||on|||||&#8221; header_2_text_align=&#8221;center&#8221; header_2_text_color=&#8221;#8099b4&#8243; header_2_font_size=&#8221;40px&#8221; header_2_line_height=&#8221;1.4em&#8221; custom_margin=&#8221;||&#8221; custom_padding=&#8221;||&#8221; header_2_font_size_tablet=&#8221;35px&#8221; header_2_font_size_phone=&#8221;30px&#8221; header_2_font_size_last_edited=&#8221;on|desktop&#8221; header_2_line_height_tablet=&#8221;40px&#8221; header_2_line_height_phone=&#8221;35px&#8221; header_2_line_height_last_edited=&#8221;on|phone&#8221; global_colors_info=&#8221;{}&#8221;]<\/p>\n<h2>Contact \u2013 Department of Anthropology<\/h2>\n<p>[\/et_pb_text][\/et_pb_column][\/et_pb_row][et_pb_row column_structure=&#8221;2_5,3_5&#8243; use_custom_gutter=&#8221;on&#8221; gutter_width=&#8221;2&#8243; make_equal=&#8221;on&#8221; padding_top_bottom_link_1=&#8221;true&#8221; padding_left_right_link_1=&#8221;true&#8221; padding_left_right_link_2=&#8221;true&#8221; _builder_version=&#8221;4.22.2&#8243; min_height=&#8221;384.9px&#8221; height=&#8221;499px&#8221; custom_margin=&#8221;||&#8221; custom_padding=&#8221;0px||0px||true|true&#8221; global_colors_info=&#8221;{}&#8221;][et_pb_column type=&#8221;2_5&#8243; _builder_version=&#8221;4.16&#8243; background_color=&#8221;#ffffff&#8221; custom_padding=&#8221;40px|50px|40px|50px&#8221; custom_padding_tablet=&#8221;&#8221; custom_padding_phone=&#8221;20px|20px|20px|20px|true|true&#8221; custom_padding_last_edited=&#8221;on|phone&#8221; global_colors_info=&#8221;{}&#8221; custom_padding__hover=&#8221;|||&#8221;][et_pb_blurb title=&#8221;Department Address&#8221; url=&#8221;https:\/\/g.page\/sociologie-zcu?share&#8221; url_new_window=&#8221;on&#8221; image=&#8221;https:\/\/ksa.zcu.cz\/wp-content\/uploads\/2019\/04\/department.svg&#8221; icon_placement=&#8221;left&#8221; module_class=&#8221;icon-box&#8221; _builder_version=&#8221;4.22.2&#8243; header_font=&#8221;|700||on|||||&#8221; header_font_size=&#8221;15px&#8221; body_font=&#8221;|600|||||||&#8221; body_text_color=&#8221;#8099b4&#8243; body_font_size=&#8221;13px&#8221; body_line_height=&#8221;1.2em&#8221; global_colors_info=&#8221;{}&#8221;]<\/p>\n<p>Department of Anthropology, Faculty of Arts, University of West Bohemia in Plze\u0148<\/p>\n<p>3rd Floor<\/p>\n<p>Sedl\u00e1\u010dkov\u00e1 15<br \/>301 00 Plze\u0148<br \/>Czech Republic<\/p>\n<p>[\/et_pb_blurb][et_pb_blurb title=&#8221;Department Secretary&#8221; image=&#8221;https:\/\/ksa.zcu.cz\/wp-content\/uploads\/2019\/07\/woman.svg&#8221; icon_placement=&#8221;left&#8221; module_class=&#8221;icon-box&#8221; _builder_version=&#8221;4.22.2&#8243; header_font=&#8221;|700||on|||||&#8221; header_font_size=&#8221;15px&#8221; body_font=&#8221;|600|||||||&#8221; body_text_color=&#8221;#8099b4&#8243; body_font_size=&#8221;13px&#8221; body_line_height=&#8221;1.2em&#8221; global_colors_info=&#8221;{}&#8221;]<\/p>\n<p>Bc. Jana Fojt\u00edkov\u00e1<\/p>\n<p>Room Number: SP307 (Sedl\u00e1\u010dkova 15 Building)<br \/>Telephone: +420 377 635 303<br \/>E-mail: jafoj@ff.zcu.cz<\/p>\n<p>[\/et_pb_blurb][et_pb_blurb title=&#8221;Office hours &#8221; image=&#8221;https:\/\/ksa.zcu.cz\/wp-content\/uploads\/2019\/04\/clock.svg&#8221; icon_placement=&#8221;left&#8221; module_class=&#8221;icon-box&#8221; _builder_version=&#8221;4.22.2&#8243; header_font=&#8221;|700||on|||||&#8221; header_font_size=&#8221;15px&#8221; body_font=&#8221;|600|||||||&#8221; body_text_color=&#8221;#8099b4&#8243; body_font_size=&#8221;13px&#8221; body_line_height=&#8221;1.2em&#8221; global_colors_info=&#8221;{}&#8221;]<\/p>\n<p>\u00dat| 09:00 &#8211; 11:00<\/p>\n<p>St | 09:00 &#8211; 11:00<\/p>\n<p>\u010ct | 09:00 &#8211; 12:00<\/p>\n<p>[\/et_pb_blurb][et_pb_social_media_follow _builder_version=&#8221;4.22.2&#8243; position_origin_f=&#8221;center_left&#8221; vertical_offset=&#8221;-39px&#8221; horizontal_offset=&#8221;224px&#8221; z_index=&#8221;-24&#8243; width=&#8221;100%&#8221; global_colors_info=&#8221;{}&#8221;][et_pb_social_media_follow_network social_network=&#8221;facebook&#8221; url=&#8221;https:\/\/www.facebook.com\/antropologie.org&#8221; _builder_version=&#8221;4.16&#8243; background_color=&#8221;#09b2d2&#8243; border_radii=&#8221;on|50px|50px|50px|50px&#8221; global_colors_info=&#8221;{}&#8221; follow_button=&#8221;off&#8221; url_new_window=&#8221;on&#8221;]facebook[\/et_pb_social_media_follow_network][et_pb_social_media_follow_network social_network=&#8221;instagram&#8221; url=&#8221;https:\/\/www.instagram.com\/ksa_ff_zcu\/?hl=cs&#8221; _builder_version=&#8221;4.16&#8243; background_color=&#8221;#09b2d2&#8243; border_radii=&#8221;on|50px|50px|50px|50px&#8221; global_colors_info=&#8221;{}&#8221; follow_button=&#8221;off&#8221; url_new_window=&#8221;on&#8221;]instagram[\/et_pb_social_media_follow_network][et_pb_social_media_follow_network social_network=&#8221;youtube&#8221; url=&#8221;https:\/\/www.youtube.com\/user\/katedraantropologie&#8221; _builder_version=&#8221;4.16&#8243; background_color=&#8221;#09b2d2&#8243; border_radii=&#8221;on|50px|50px|50px|50px&#8221; global_colors_info=&#8221;{}&#8221; follow_button=&#8221;off&#8221; url_new_window=&#8221;on&#8221;]youtube[\/et_pb_social_media_follow_network][et_pb_social_media_follow_network social_network=&#8221;vimeo&#8221; url=&#8221;https:\/\/vimeo.com\/sviet&#8221; _builder_version=&#8221;4.16&#8243; _module_preset=&#8221;default&#8221; background_color=&#8221;#09B6D7&#8243; background_enable_color=&#8221;on&#8221; border_radii=&#8221;on|50px|50px|50px|50px&#8221; global_colors_info=&#8221;{}&#8221; follow_button=&#8221;off&#8221; url_new_window=&#8221;on&#8221;]vimeo[\/et_pb_social_media_follow_network][\/et_pb_social_media_follow][\/et_pb_column][et_pb_column type=&#8221;3_5&#8243; _builder_version=&#8221;4.16&#8243; background_color=&#8221;#ffffff&#8221; custom_padding=&#8221;5px|5px||5px|false|true&#8221; custom_padding_tablet=&#8221;&#8221; custom_padding_phone=&#8221;20px|10px||10px||true&#8221; custom_padding_last_edited=&#8221;on|desktop&#8221; global_colors_info=&#8221;{}&#8221; custom_padding__hover=&#8221;|||&#8221;][et_pb_code _builder_version=&#8221;4.16&#8243; custom_margin=&#8221;0px|0px|217px|0px||&#8221; custom_padding=&#8221;0px|0px|0px|0px&#8221; global_colors_info=&#8221;{}&#8221;]<iframe loading=\"lazy\" style=\"border: 0;\" src=\"https:\/\/www.google.com\/maps\/embed?pb=!1m14!1m8!1m3!1d10312.298147550273!2d13.3750261!3d49.7470413!3m2!1i1024!2i768!4f13.1!3m3!1m2!1s0x0%3A0xfee20579d7cd4e09!2sKatedra%20antropologie%20FF%20Z%C4%8CU!5e0!3m2!1scs!2scz!4v1639762194870!5m2!1scs!2scz\" width=\"100%\" height=\"440\" allowfullscreen=\"allowfullscreen\" data-mce-fragment=\"1\"><\/iframe>[\/et_pb_code][\/et_pb_column][\/et_pb_row][et_pb_row _builder_version=&#8221;4.16&#8243; _module_preset=&#8221;default&#8221; min_height=&#8221;117.5px&#8221; custom_padding=&#8221;||25px|||&#8221; global_colors_info=&#8221;{}&#8221;][et_pb_column type=&#8221;4_4&#8243; _builder_version=&#8221;4.16&#8243; _module_preset=&#8221;default&#8221; global_colors_info=&#8221;{}&#8221;][et_pb_button button_url=&#8221;https:\/\/ksa.zcu.cz\/en\/about\/people\/&#8221; button_text=&#8221;More Information About the Department Staff&#8221; button_alignment=&#8221;center&#8221; disabled_on=&#8221;on|off|off&#8221; _builder_version=&#8221;4.22.2&#8243; custom_button=&#8221;on&#8221; button_text_size=&#8221;18px&#8221; button_text_color=&#8221;#09b6d7&#8243; button_bg_color=&#8221;rgba(255,255,255,0)&#8221; button_border_width=&#8221;2px&#8221; button_border_color=&#8221;#09b6d7&#8243; button_border_radius=&#8221;0px&#8221; button_font=&#8221;Open Sans|700||on|||||&#8221; button_use_icon=&#8221;off&#8221; custom_padding=&#8221;6px|30px|6px|30px|true|true&#8221; locked=&#8221;off&#8221; global_colors_info=&#8221;{}&#8221; button_bg_color__hover_enabled=&#8221;on&#8221; button_bg_color__hover=&#8221;#0ccce3&#8243; button_text_color__hover_enabled=&#8221;on&#8221; button_text_color__hover=&#8221;#ffffff&#8221; button_border_color__hover_enabled=&#8221;on&#8221; button_border_color__hover=&#8221;#0ccce3&#8243;][\/et_pb_button][\/et_pb_column][\/et_pb_row][et_pb_row _builder_version=&#8221;4.16&#8243; custom_margin=&#8221;0px||0px||true|true&#8221; custom_margin_tablet=&#8221;&#8221; custom_margin_phone=&#8221;15px||5px&#8221; custom_margin_last_edited=&#8221;on|desktop&#8221; custom_padding=&#8221;10px||10px||false|true&#8221; global_colors_info=&#8221;{}&#8221;][et_pb_column type=&#8221;4_4&#8243; _builder_version=&#8221;4.16&#8243; custom_padding=&#8221;|||&#8221; global_colors_info=&#8221;{}&#8221; custom_padding__hover=&#8221;|||&#8221;][et_pb_text _builder_version=&#8221;4.22.2&#8243; text_font=&#8221;||||||||&#8221; header_font=&#8221;||||||||&#8221; header_2_font=&#8221;Roboto Condensed|||on|||||&#8221; header_2_text_align=&#8221;center&#8221; header_2_text_color=&#8221;#8099b4&#8243; header_2_font_size=&#8221;40px&#8221; header_2_line_height=&#8221;1.4em&#8221; custom_margin=&#8221;||&#8221; custom_padding=&#8221;||&#8221; header_2_font_size_tablet=&#8221;35px&#8221; header_2_font_size_phone=&#8221;30px&#8221; header_2_font_size_last_edited=&#8221;on|desktop&#8221; header_2_line_height_tablet=&#8221;40px&#8221; header_2_line_height_phone=&#8221;35px&#8221; header_2_line_height_last_edited=&#8221;on|phone&#8221; global_colors_info=&#8221;{}&#8221;]<\/p>\n<div class=\"flex max-w-full flex-col flex-grow\">\n<div data-message-author-role=\"assistant\" data-message-id=\"4927b04b-0a4e-4d9c-ab24-75e5bc107354\" dir=\"auto\" class=\"min-h-[20px] text-message flex w-full flex-col items-end gap-2 break-words [.text-message+&amp;]:mt-5 overflow-x-auto whitespace-pre-wrap\">\n<div class=\"flex w-full flex-col gap-1 empty:hidden first:pt-[3px]\">\n<div class=\"markdown prose w-full break-words dark:prose-invert light\">\n<h2>Contact &#8211; Study office, Faculty of Arts<\/h2>\n<\/div>\n<\/div>\n<\/div>\n<\/div>\n<div class=\"mt-1 flex gap-3 empty:hidden -ml-2\">\n<div class=\"items-center justify-start rounded-xl p-1 flex\">\n<div class=\"flex items-center\"><\/div>\n<\/div>\n<\/div>\n<p>[\/et_pb_text][\/et_pb_column][\/et_pb_row][et_pb_row column_structure=&#8221;2_5,3_5&#8243; use_custom_gutter=&#8221;on&#8221; gutter_width=&#8221;2&#8243; make_equal=&#8221;on&#8221; padding_top_bottom_link_1=&#8221;true&#8221; padding_left_right_link_1=&#8221;true&#8221; padding_left_right_link_2=&#8221;true&#8221; _builder_version=&#8221;4.16&#8243; custom_margin=&#8221;||&#8221; custom_padding=&#8221;15px||15px||true|true&#8221; global_colors_info=&#8221;{}&#8221;][et_pb_column type=&#8221;2_5&#8243; _builder_version=&#8221;4.16&#8243; background_color=&#8221;#ffffff&#8221; custom_padding=&#8221;40px|50px|40px|50px&#8221; custom_padding_tablet=&#8221;&#8221; custom_padding_phone=&#8221;20px|20px|20px|20px|true|true&#8221; custom_padding_last_edited=&#8221;on|phone&#8221; global_colors_info=&#8221;{}&#8221; custom_padding__hover=&#8221;|||&#8221;][et_pb_blurb title=&#8221;Student Office Consultants&#8221; image=&#8221;https:\/\/ksa.zcu.cz\/wp-content\/uploads\/2019\/07\/woman.svg&#8221; icon_placement=&#8221;left&#8221; module_class=&#8221;icon-box&#8221; _builder_version=&#8221;4.22.2&#8243; header_font=&#8221;|700||on|||||&#8221; header_font_size=&#8221;15px&#8221; body_font=&#8221;|600|||||||&#8221; body_text_color=&#8221;#8099b4&#8243; body_font_size=&#8221;13px&#8221; body_line_height=&#8221;1.2em&#8221; global_colors_info=&#8221;{}&#8221;]<\/p>\n<div class=\"photo-people-side\"><\/div>\n<div class=\"photo-people-text\">\n<h4 class=\"typo-bold-large\">Mgr. Alena Tvrd\u00e1<\/h4>\n<p>Head of Study Office<br \/>door: SO104<\/p>\n<p class=\"typo-base-default contact\">Telephone: +420 377 63 <strong>5010<\/strong><br \/>E-mail: tvrda@kap.zcu.cz<\/p>\n<\/div>\n<p><a class=\"email\" href=\"mailto:kohouto@ff.zcu.cz\"><\/a><\/p>\n<p>[\/et_pb_blurb][et_pb_blurb title=&#8221;Adresa:&#8221; url=&#8221;https:\/\/goo.gl\/maps\/MUufGd7URPBj2JQF7&#8243; url_new_window=&#8221;on&#8221; image=&#8221;https:\/\/ksa.zcu.cz\/wp-content\/uploads\/2019\/04\/department.svg&#8221; icon_placement=&#8221;left&#8221; module_class=&#8221;icon-box&#8221; _builder_version=&#8221;4.16&#8243; header_font=&#8221;|700||on|||||&#8221; header_font_size=&#8221;15px&#8221; body_font=&#8221;|600|||||||&#8221; body_text_color=&#8221;#8099b4&#8243; body_font_size=&#8221;13px&#8221; body_line_height=&#8221;1.2em&#8221; global_colors_info=&#8221;{}&#8221;]Studijn\u00ed odd\u011blen\u00ed FF &#8211; Z\u010cU<br \/>\nSedl\u00e1\u010dkova 38<br \/>\n306 14 Plze\u0148<br \/>\n[\/et_pb_blurb][et_pb_blurb title=&#8221;Official office hours&#8221; image=&#8221;https:\/\/ksa.zcu.cz\/wp-content\/uploads\/2019\/04\/clock.svg&#8221; icon_placement=&#8221;left&#8221; module_class=&#8221;icon-box&#8221; _builder_version=&#8221;4.22.2&#8243; header_font=&#8221;|700||on|||||&#8221; header_font_size=&#8221;15px&#8221; body_font=&#8221;|600|||||||&#8221; body_text_color=&#8221;#8099b4&#8243; body_font_size=&#8221;13px&#8221; body_line_height=&#8221;1.2em&#8221; global_colors_info=&#8221;{}&#8221;]<\/p>\n<p>Po| 08:00 &#8211; 11:00\u00a0 | 13:00 &#8211; 15:00<\/p>\n<p>St | 08:00 &#8211; 11:00 | 13:00 &#8211; 15:00 <\/p>\n<p>\u010ct | 08:00 &#8211; 11:00 | 13:00 &#8211; 15:00<\/p>\n<p>[\/et_pb_blurb][et_pb_social_media_follow _builder_version=&#8221;4.22.2&#8243; positioning=&#8221;relative&#8221; vertical_offset=&#8221;7px&#8221; horizontal_offset=&#8221;-1px&#8221; global_colors_info=&#8221;{}&#8221;][et_pb_social_media_follow_network social_network=&#8221;facebook&#8221; url=&#8221;https:\/\/www.facebook.com\/Fakulta-filozofick%C3%A1-Z%C3%A1pado%C4%8Desk%C3%A9-univerzity-v-Plzni-FF-Z%C4%8CU-Plze%C5%88-109239152492246\/&#8221; _builder_version=&#8221;4.16&#8243; background_color=&#8221;#09b2d2&#8243; border_radii=&#8221;on|50px|50px|50px|50px&#8221; global_colors_info=&#8221;{}&#8221; follow_button=&#8221;off&#8221; url_new_window=&#8221;on&#8221;]facebook[\/et_pb_social_media_follow_network][et_pb_social_media_follow_network social_network=&#8221;instagram&#8221; url=&#8221;https:\/\/www.instagram.com\/fakultafilozofickazcu\/&#8221; _builder_version=&#8221;4.16&#8243; background_color=&#8221;#09b2d2&#8243; border_radii=&#8221;on|50px|50px|50px|50px&#8221; global_colors_info=&#8221;{}&#8221; follow_button=&#8221;off&#8221; url_new_window=&#8221;on&#8221;]instagram[\/et_pb_social_media_follow_network][et_pb_social_media_follow_network social_network=&#8221;youtube&#8221; url=&#8221;https:\/\/www.youtube.com\/channel\/UCLf4k60UjaedAPvQDDCZR3g&#8221; _builder_version=&#8221;4.16&#8243; background_color=&#8221;#09b2d2&#8243; border_radii=&#8221;on|50px|50px|50px|50px&#8221; global_colors_info=&#8221;{}&#8221; follow_button=&#8221;off&#8221; url_new_window=&#8221;on&#8221;]youtube[\/et_pb_social_media_follow_network][\/et_pb_social_media_follow][\/et_pb_column][et_pb_column type=&#8221;3_5&#8243; _builder_version=&#8221;4.16&#8243; background_color=&#8221;#ffffff&#8221; custom_padding=&#8221;5px|5px|0px|5px||true&#8221; custom_padding_tablet=&#8221;&#8221; custom_padding_phone=&#8221;20px|10px||10px||true&#8221; custom_padding_last_edited=&#8221;on|desktop&#8221; global_colors_info=&#8221;{}&#8221; custom_padding__hover=&#8221;|||&#8221;][et_pb_code _builder_version=&#8221;4.16&#8243; custom_margin=&#8221;0px|0px|0px|0px||true&#8221; custom_padding=&#8221;0px|0px|0px|0px&#8221; global_colors_info=&#8221;{}&#8221;]<iframe loading=\"lazy\" style=\"border: 0;\" src=\"https:\/\/www.google.com\/maps\/embed?pb=!1m18!1m12!1m3!1d3542.12879330252!2d13.376798876055362!3d49.74739934545272!2m3!1f0!2f0!3f0!3m2!1i1024!2i768!4f13.1!3m3!1m2!1s0x0%3A0x2cc3ed3f84191b95!2sFakulta+filozofick%C3%A1+-+Z%C3%A1pado%C4%8Desk%C3%A1+univerzita+v+Plzni!5e0!3m2!1scs!2scz!4v1562309641864!5m2!1scs!2scz\" width=\"100%\" height=\"440\" frameborder=\"0\" allowfullscreen=\"allowfullscreen\" data-mce-fragment=\"1\"><\/iframe>[\/et_pb_code][\/et_pb_column][\/et_pb_row][et_pb_row _builder_version=&#8221;4.16&#8243; custom_padding=&#8221;||50px|||&#8221; global_colors_info=&#8221;{}&#8221;][et_pb_column type=&#8221;4_4&#8243; _builder_version=&#8221;4.16&#8243; custom_padding=&#8221;|||&#8221; global_colors_info=&#8221;{}&#8221; custom_padding__hover=&#8221;|||&#8221;][et_pb_button button_url=&#8221;https:\/\/www.ff.zcu.cz\/en\/Students\/study_department.html&#8221; url_new_window=&#8221;on&#8221; button_text=&#8221;More Information About the Study Office&#8221; button_alignment=&#8221;center&#8221; disabled_on=&#8221;on|off|off&#8221; _builder_version=&#8221;4.22.2&#8243; custom_button=&#8221;on&#8221; button_text_size=&#8221;18px&#8221; button_text_color=&#8221;#09b6d7&#8243; button_bg_color=&#8221;rgba(255,255,255,0)&#8221; button_border_width=&#8221;2px&#8221; button_border_color=&#8221;#09b6d7&#8243; button_border_radius=&#8221;0px&#8221; button_font=&#8221;Open Sans|700||on|||||&#8221; button_use_icon=&#8221;off&#8221; custom_padding=&#8221;6px|30px|6px|30px|true|true&#8221; hover_enabled=&#8221;0&#8243; global_colors_info=&#8221;{}&#8221; button_bg_color__hover_enabled=&#8221;on&#8221; button_bg_color__hover=&#8221;#0ccce3&#8243; button_text_color__hover_enabled=&#8221;on&#8221; button_text_color__hover=&#8221;#ffffff&#8221; button_border_color__hover_enabled=&#8221;on&#8221; button_border_color__hover=&#8221;#0ccce3&#8243; sticky_enabled=&#8221;0&#8243;][\/et_pb_button][\/et_pb_column][\/et_pb_row][\/et_pb_section]<\/p>\n","protected":false},"excerpt":{"rendered":"<p>ContactsIf you need assistance with matters directly related to your studies in the Department of Anthropology, please contact the department&#8217;s secretary. For all other inquiries, reach out to the International Office. On their website, you will also find a range of important information related to studiying abroad. Contact \u2013 Department of AnthropologyDepartment of Anthropology, Faculty [&hellip;]<\/p>\n","protected":false},"author":5,"featured_media":0,"parent":0,"menu_order":0,"comment_status":"closed","ping_status":"closed","template":"","meta":{"_et_pb_use_builder":"on","_et_pb_old_content":"","_et_gb_content_width":""},"_links":{"self":[{"href":"https:\/\/ksa.zcu.cz\/en\/wp-json\/wp\/v2\/pages\/9230"}],"collection":[{"href":"https:\/\/ksa.zcu.cz\/en\/wp-json\/wp\/v2\/pages"}],"about":[{"href":"https:\/\/ksa.zcu.cz\/en\/wp-json\/wp\/v2\/types\/page"}],"author":[{"embeddable":true,"href":"https:\/\/ksa.zcu.cz\/en\/wp-json\/wp\/v2\/users\/5"}],"replies":[{"embeddable":true,"href":"https:\/\/ksa.zcu.cz\/en\/wp-json\/wp\/v2\/comments?post=9230"}],"version-history":[{"count":8,"href":"https:\/\/ksa.zcu.cz\/en\/wp-json\/wp\/v2\/pages\/9230\/revisions"}],"predecessor-version":[{"id":9961,"href":"https:\/\/ksa.zcu.cz\/en\/wp-json\/wp\/v2\/pages\/9230\/revisions\/9961"}],"wp:attachment":[{"href":"https:\/\/ksa.zcu.cz\/en\/wp-json\/wp\/v2\/media?parent=9230"}],"curies":[{"name":"wp","href":"https:\/\/api.w.org\/{rel}","templated":true}]}}